{"id":30,"date":"2020-06-17T18:17:16","date_gmt":"2020-06-17T16:17:16","guid":{"rendered":"https:\/\/sonjawestermann.com\/trauer\/?page_id=30"},"modified":"2020-07-22T18:19:03","modified_gmt":"2020-07-22T16:19:03","slug":"sprecherin","status":"publish","type":"page","link":"https:\/\/sonjawestermann.com\/trauer\/sprecherin\/","title":{"rendered":"Sprecherin"},"content":{"rendered":"\n<p>Den Gro\u00dfteil meiner beruflichen Laufbahn gestalte ich als Sopranistin an zahlreichen Theatern und Opernh\u00e4usern.\u00a0Verschiedene Rollencharaktere und emotionale Zust\u00e4nde mit vielf\u00e4ltigen und authentischen Stimmfarben zu gestalten, ist eine meiner St\u00e4rken. Meine Ausdrucksf\u00e4higkeit im Singen wie auch in Dialogen wird von Regisseuren, Dirigenten, Publikum und Presse gelobt.\u00a0<\/p>\n\n\n\n<p>Zunehmend erschlie\u00dft sich meine Leidenschaft \u201eStimme\u201c ein weiteres Feld: Die Sprache.<br>Entschlossen, charmant und vertrauensvoll gef\u00e4rbt,&nbsp;freue ich mich auf weitere M\u00f6glichkeiten, die ich stimmig&nbsp;mitgestalten kann. Vielleicht ja bei Ihnen?&nbsp;<\/p>\n\n\n\n<div style=\"height:20px\" aria-hidden=\"true\" class=\"wp-block-spacer\"><\/div>\n\n\n\n<h3 class=\"wp-block-heading\"><strong>Pers\u00f6nliche Daten<\/strong><\/h3>\n\n\n\n<div class=\"wp-block-media-text alignwide has-media-on-the-right is-stacked-on-mobile\" style=\"grid-template-columns:auto 38%\"><figure class=\"wp-block-media-text__media\"><img loading=\"lazy\" decoding=\"async\" width=\"740\" height=\"1024\" src=\"https:\/\/sonjawestermann.com\/trauer\/wp-content\/uploads\/2020\/07\/DSC07681-Bearbeitet-740x1024.jpg\" alt=\"\" class=\"wp-image-110\" srcset=\"https:\/\/sonjawestermann.com\/trauer\/wp-content\/uploads\/2020\/07\/DSC07681-Bearbeitet-740x1024.jpg 740w, https:\/\/sonjawestermann.com\/trauer\/wp-content\/uploads\/2020\/07\/DSC07681-Bearbeitet-217x300.jpg 217w, https:\/\/sonjawestermann.com\/trauer\/wp-content\/uploads\/2020\/07\/DSC07681-Bearbeitet-768x1063.jpg 768w, https:\/\/sonjawestermann.com\/trauer\/wp-content\/uploads\/2020\/07\/DSC07681-Bearbeitet-1479x2048.jpg 1479w, https:\/\/sonjawestermann.com\/trauer\/wp-content\/uploads\/2020\/07\/DSC07681-Bearbeitet-43x60.jpg 43w, https:\/\/sonjawestermann.com\/trauer\/wp-content\/uploads\/2020\/07\/DSC07681-Bearbeitet-scaled.jpg 1849w\" sizes=\"auto, (max-width: 740px) 100vw, 740px\" \/><\/figure><div class=\"wp-block-media-text__content\">\n<p><strong>Standort<\/strong> | Leipzig<br><strong>Sprechalter<\/strong> | 31-50<br><strong>K\u00f6rpergr\u00f6\u00dfe<\/strong> | 176 cm<br><strong>Stimmfarbe<\/strong> | warm, voll, weiblich<br><strong>Weitere Spezifikationen<\/strong> | neutral, nat\u00fcrlich, erkl\u00e4rend, sachlich, selbstbewusst, softselling, entschlossen, charmant, vertrauensvoll, z\u00e4rtlich, sinnlich, leidenschaftlich, fr\u00f6hlich, traurig, nachdenklich, seri\u00f6s<\/p>\n\n\n\n<div style=\"height:20px\" aria-hidden=\"true\" class=\"wp-block-spacer\"><\/div>\n<\/div><\/div>\n\n\n\n<div style=\"height:20px\" aria-hidden=\"true\" class=\"wp-block-spacer\"><\/div>\n\n\n\n<h3 class=\"wp-block-heading\"><strong>Ausbildung<\/strong><\/h3>\n\n\n\n<p>Mikrofonsprechen und Synchronschauspiel Basistraining<br>in der <strong>Christian Rode Sprecherschule<\/strong><\/p>\n\n\n\n<p>Synchronschauspiel Training<br>bei <strong>Irina von Bentheim<\/strong><\/p>\n\n\n\n<p>Sprechtraining Reportage | H\u00f6rbuch | Journalistische Beitr\u00e4ge | voiceover<br>bei <strong>Carmen Molinar<\/strong><\/p>\n\n\n\n<p>Training Werbespots | Radiospot<br>bei <strong>Willy Mayer<\/strong><\/p>\n\n\n\n<div style=\"height:20px\" aria-hidden=\"true\" class=\"wp-block-spacer\"><\/div>\n\n\n\n<h3 class=\"wp-block-heading\">Sprachen<\/h3>\n\n\n\n<p><strong>Deutsch<\/strong> | nativ<br><strong>Englisch<\/strong> | flie\u00dfend<br><strong>Italienisch<\/strong> | gute Grundkenntnisse<br><strong>Franz\u00f6sisch<\/strong> | Grundkenntnisse<\/p>\n\n\n\n<div class=\"wp-block-buttons aligncenter is-layout-flex wp-block-buttons-is-layout-flex\">\n<div class=\"wp-block-button\"><a class=\"wp-block-button__link\" href=\"http:\/\/sonjawestermann.com\/sprecherin\" target=\"_blank\" rel=\"noreferrer noopener\">Mehr zu mir als Sprecherin gibt&#8217;s hier!<\/a><\/div>\n<\/div>\n","protected":false},"excerpt":{"rendered":"<p>Den Gro\u00dfteil meiner beruflichen Laufbahn gestalte ich als Sopranistin an zahlreichen Theatern und Opernh\u00e4usern.\u00a0Verschiedene Rollencharaktere und emotionale Zust\u00e4nde mit vielf\u00e4ltigen und authentischen Stimmfarben zu gestalten, ist eine meiner St\u00e4rken. Meine Ausdrucksf\u00e4higkeit im Singen wie auch in Dialogen wird von Regisseuren, Dirigenten, Publikum und Presse gelobt.\u00a0 Zunehmend erschlie\u00dft sich meine Leidenschaft \u201eStimme\u201c ein weiteres Feld: Die &hellip; <\/p>\n","protected":false},"author":1,"featured_media":0,"parent":0,"menu_order":0,"comment_status":"closed","ping_status":"closed","template":"","meta":{"footnotes":""},"class_list":["post-30","page","type-page","status-publish","hentry"],"_links":{"self":[{"href":"https:\/\/sonjawestermann.com\/trauer\/wp-json\/wp\/v2\/pages\/30","targetHints":{"allow":["GET"]}}],"collection":[{"href":"https:\/\/sonjawestermann.com\/trauer\/wp-json\/wp\/v2\/pages"}],"about":[{"href":"https:\/\/sonjawestermann.com\/trauer\/wp-json\/wp\/v2\/types\/page"}],"author":[{"embeddable":true,"href":"https:\/\/sonjawestermann.com\/trauer\/wp-json\/wp\/v2\/users\/1"}],"replies":[{"embeddable":true,"href":"https:\/\/sonjawestermann.com\/trauer\/wp-json\/wp\/v2\/comments?post=30"}],"version-history":[{"count":10,"href":"https:\/\/sonjawestermann.com\/trauer\/wp-json\/wp\/v2\/pages\/30\/revisions"}],"predecessor-version":[{"id":197,"href":"https:\/\/sonjawestermann.com\/trauer\/wp-json\/wp\/v2\/pages\/30\/revisions\/197"}],"wp:attachment":[{"href":"https:\/\/sonjawestermann.com\/trauer\/wp-json\/wp\/v2\/media?parent=30"}],"curies":[{"name":"wp","href":"https:\/\/api.w.org\/{rel}","templated":true}]}}