{"id":29,"date":"2020-06-17T18:17:14","date_gmt":"2020-06-17T16:17:14","guid":{"rendered":"https:\/\/sonjawestermann.com\/trauer\/?page_id=29"},"modified":"2022-09-23T21:54:52","modified_gmt":"2022-09-23T19:54:52","slug":"trauerrednerin","status":"publish","type":"page","link":"https:\/\/sonjawestermann.com\/trauer\/","title":{"rendered":"Trauerrednerin"},"content":{"rendered":"\n<figure class=\"wp-block-image size-large\"><img loading=\"lazy\" decoding=\"async\" width=\"1024\" height=\"552\" src=\"https:\/\/sonjawestermann.com\/trauer\/wp-content\/uploads\/2022\/09\/20200522-DSC02223-Bearbeitet-QUER-1024x552.jpg\" alt=\"\" class=\"wp-image-303\" srcset=\"https:\/\/sonjawestermann.com\/trauer\/wp-content\/uploads\/2022\/09\/20200522-DSC02223-Bearbeitet-QUER-1024x552.jpg 1024w, https:\/\/sonjawestermann.com\/trauer\/wp-content\/uploads\/2022\/09\/20200522-DSC02223-Bearbeitet-QUER-300x162.jpg 300w, https:\/\/sonjawestermann.com\/trauer\/wp-content\/uploads\/2022\/09\/20200522-DSC02223-Bearbeitet-QUER-768x414.jpg 768w, https:\/\/sonjawestermann.com\/trauer\/wp-content\/uploads\/2022\/09\/20200522-DSC02223-Bearbeitet-QUER-1536x828.jpg 1536w, https:\/\/sonjawestermann.com\/trauer\/wp-content\/uploads\/2022\/09\/20200522-DSC02223-Bearbeitet-QUER-2048x1104.jpg 2048w, https:\/\/sonjawestermann.com\/trauer\/wp-content\/uploads\/2022\/09\/20200522-DSC02223-Bearbeitet-QUER-111x60.jpg 111w\" sizes=\"auto, (max-width: 1024px) 100vw, 1024px\" \/><\/figure>\n\n\n\n<p class=\"has-text-align-center\">Sie m\u00f6chten einem geliebten Menschen einen w\u00fcrdigen Abschied gestalten? Ihnen fehlen die Worte? Ich helfe mit meiner Stimme gerne das auszudr\u00fccken, was Sie im Inneren bewegt. <br>Ihre pers\u00f6nlichen Empfindungen, Erinnerungen und W\u00fcnsche bilden die Grundlage f\u00fcr meine individuelle Rede.&nbsp;Gemeinsam werden wir den bevorstehenden Abschied liebevoll, individuell und sch\u00f6n gestalten.&nbsp;<\/p>\n\n\n\n<blockquote class=\"wp-block-quote is-layout-flow wp-block-quote-is-layout-flow\"><p>Helfen Sie mir, die\/den Verstorbene\/n durch Ihre Augen zu sehen und durch Ihre Erinnerungen kennenzulernen.<\/p><\/blockquote>\n\n\n\n<p class=\"has-text-align-center\">Trauer ist mir gut bekannt. Ich habe selbst viele geliebte Menschen von dieser Welt verabschieden m\u00fcssen. Darunter meinen Ehemann, meinen Vater, enge Freundinnen und etliche andere. Ich bin durch dunkle Trauert\u00e4ler gegangen und ich verstehe gut, wie sprachlos und einsam man dann sein kann. <\/p>\n\n\n\n<p class=\"has-text-align-center\">Die pers\u00f6nliche Trauerfeier ist der letzte irdische Weg f\u00fcr den Verstorbenen. Der Mensch, sein Leben und seine Beziehungen sollen dabei im Mittelpunkt stehen und den zur\u00fcckbleibenden Trauernden die M\u00f6glichkeit zu Reflexion, Danksagung und Verabschiedung geben.  <\/p>\n\n\n\n<p class=\"has-text-align-center\">Auf Wunsch stelle ich Ihnen auch <strong>meine Singstimme f\u00fcr die Trauerfeier<\/strong> zur Verf\u00fcgung und wir w\u00e4hlen mit Bedacht, welche Lieder &#8211; live von mir gesungen &#8211; am besten zur gew\u00fcnschten Atmosph\u00e4re passen.<\/p>\n\n\n\n<div class=\"wp-block-group\"><div class=\"wp-block-group__inner-container is-layout-flow wp-block-group-is-layout-flow\">\n<figure class=\"wp-block-embed-youtube wp-block-embed is-type-video is-provider-youtube wp-embed-aspect-4-3 wp-has-aspect-ratio\"><div class=\"wp-block-embed__wrapper\">\n<iframe loading=\"lazy\" title=\"Somewhere over the rainbow - Sonja Maria Westermann\" width=\"1020\" height=\"765\" src=\"https:\/\/www.youtube.com\/embed\/QEQeR8GxRv0?feature=oembed\" frameborder=\"0\" allow=\"accelerometer; autoplay; clipboard-write; encrypted-media; gyroscope; picture-in-picture\" allowfullscreen><\/iframe>\n<\/div><\/figure>\n<\/div><\/div>\n\n\n\n<div class=\"wp-block-group\"><div class=\"wp-block-group__inner-container is-layout-flow wp-block-group-is-layout-flow\">\n<figure class=\"wp-block-embed-youtube wp-block-embed is-type-video is-provider-youtube wp-embed-aspect-4-3 wp-has-aspect-ratio wp-embed-aspect-16-9\"><div class=\"wp-block-embed__wrapper\">\n<iframe loading=\"lazy\" title=\"Dvorak &quot;Biblische Ges\u00e4nge&quot; op. 99, Nr. 3 - Sonja Maria Westermann, Gesang - Stefan Kie\u00dfling, Orgel\" width=\"1020\" height=\"574\" src=\"https:\/\/www.youtube.com\/embed\/WwfUbNklcss?feature=oembed\" frameborder=\"0\" allow=\"accelerometer; autoplay; clipboard-write; encrypted-media; gyroscope; picture-in-picture\" allowfullscreen title=\"Dvorak \"Biblische Ges\u00e4nge\" op. 99, Nr. 3 - Sonja Maria Westermann, Gesang - Stefan Kie\u00dfling, Orgel\"><\/iframe>\n<\/div><\/figure>\n<\/div><\/div>\n\n\n\n<div style=\"height:30px\" aria-hidden=\"true\" class=\"wp-block-spacer\"><\/div>\n\n\n\n<blockquote class=\"wp-block-quote is-layout-flow wp-block-quote-is-layout-flow\"><p>Kennen Sie eine Person, die ihre eigene Trauerrede selbst gestalten m\u00f6chte?<\/p><\/blockquote>\n\n\n\n<p class=\"has-text-align-center\">Es ist mir eine Ehre, mich in diesem Falle im Krankenhaus, Hospiz oder bei Ihnen zuhause einzufinden, um mit der entsprechenden Person gemeinsam die Trauerrede zu erarbeiten. Die gemeinsame Erarbeitung der Trauerrede kann ein hilfreicher und befreiender Schritt im Sterbeprozess sein.&nbsp;<\/p>\n\n\n\n<div class=\"wp-block-buttons aligncenter is-layout-flex wp-block-buttons-is-layout-flex\"><\/div>\n","protected":false},"excerpt":{"rendered":"<p>Sie m\u00f6chten einem geliebten Menschen einen w\u00fcrdigen Abschied gestalten? Ihnen fehlen die Worte? Ich helfe mit meiner Stimme gerne das auszudr\u00fccken, was Sie im Inneren bewegt. Ihre pers\u00f6nlichen Empfindungen, Erinnerungen und W\u00fcnsche bilden die Grundlage f\u00fcr meine individuelle Rede.&nbsp;Gemeinsam werden wir den bevorstehenden Abschied liebevoll, individuell und sch\u00f6n gestalten.&nbsp; Helfen Sie mir, die\/den Verstorbene\/n durch &hellip; <\/p>\n","protected":false},"author":1,"featured_media":0,"parent":0,"menu_order":0,"comment_status":"closed","ping_status":"closed","template":"","meta":{"footnotes":""},"class_list":["post-29","page","type-page","status-publish","hentry"],"_links":{"self":[{"href":"https:\/\/sonjawestermann.com\/trauer\/wp-json\/wp\/v2\/pages\/29","targetHints":{"allow":["GET"]}}],"collection":[{"href":"https:\/\/sonjawestermann.com\/trauer\/wp-json\/wp\/v2\/pages"}],"about":[{"href":"https:\/\/sonjawestermann.com\/trauer\/wp-json\/wp\/v2\/types\/page"}],"author":[{"embeddable":true,"href":"https:\/\/sonjawestermann.com\/trauer\/wp-json\/wp\/v2\/users\/1"}],"replies":[{"embeddable":true,"href":"https:\/\/sonjawestermann.com\/trauer\/wp-json\/wp\/v2\/comments?post=29"}],"version-history":[{"count":24,"href":"https:\/\/sonjawestermann.com\/trauer\/wp-json\/wp\/v2\/pages\/29\/revisions"}],"predecessor-version":[{"id":306,"href":"https:\/\/sonjawestermann.com\/trauer\/wp-json\/wp\/v2\/pages\/29\/revisions\/306"}],"wp:attachment":[{"href":"https:\/\/sonjawestermann.com\/trauer\/wp-json\/wp\/v2\/media?parent=29"}],"curies":[{"name":"wp","href":"https:\/\/api.w.org\/{rel}","templated":true}]}}