{"id":208,"date":"2020-07-23T21:38:13","date_gmt":"2020-07-23T19:38:13","guid":{"rendered":"https:\/\/sonjawestermann.com\/trauer\/?page_id=208"},"modified":"2020-07-24T07:26:32","modified_gmt":"2020-07-24T05:26:32","slug":"ist-dies-etwa-der-tod","status":"publish","type":"page","link":"https:\/\/sonjawestermann.com\/trauer\/ist-dies-etwa-der-tod\/","title":{"rendered":"Ist dies etwa der Tod?"},"content":{"rendered":"\n<h3 class=\"wp-block-heading\"><strong>Liederabend \u201eIst dies etwa der Tod?\u201c<\/strong><\/h3>\n\n\n\n<p><em>Lieder zwischen Himmel und Erde. <br>Strauss | Korngold | G\u00e1l | Wager | Duparc<\/em><\/p>\n\n\n\n<p>Ein einf\u00fchlsamer Liederabend zum Thema Verg\u00e4nglichkeit, ewige Liebe und anderen intensiven Themen, die sich zwischen Himmel und Erde, zwischen Leben und Tod und dar\u00fcber hinaus ereignen.<\/p>\n\n\n\n<blockquote class=\"wp-block-quote is-layout-flow wp-block-quote-is-layout-flow\"><p>Ein Abend, der ber\u00fchrt, der zum Nachdenken anregt, der Trost spendet.<\/p><\/blockquote>\n\n\n\n<p>Die Lieder und Texte sind eine wunderbare M\u00f6glichkeit mit der Thematik in Ber\u00fchrung zu kommen, sich selbst den eigenen Themen zu n\u00e4hern und sich an seelisch sensiblen Stellen ber\u00fchren zu lassen. <\/p>\n\n\n\n<p>Dieser Liederabend ist ein wesentlicher Beitrag zur Auseinandersetzung mit dem, was unser Menschsein ausmacht. <strong>Ein ganz besonderer Abend! <\/strong><\/p>\n\n\n\n<p>Sopran &#8211; Sonja Maria Westermann<br>Klavier &#8211; Jan Roelof Wolthuis<\/p>\n\n\n\n<figure class=\"wp-block-image size-large\"><img decoding=\"async\" src=\"http:\/\/sonjawestermann.com\/wp-content\/uploads\/2020\/04\/191118_Sonja_PLakat_A3-Kopie.jpg\" alt=\"\" class=\"wp-image-548\"\/><\/figure>\n\n\n\n<p>Kontaktieren Sie mich bei Interesse, diesen Liederabend zu buchen oder weiter zu vermitteln. <br><strong>Ich stelle Ihnen gerne eine umfassend beschreibende pdf-Datei zur Verf\u00fcgung.<\/strong><\/p>\n\n\n\n<div class=\"wp-block-buttons is-layout-flex wp-block-buttons-is-layout-flex\">\n<div class=\"wp-block-button\"><a class=\"wp-block-button__link\" href=\"https:\/\/sonjawestermann.com\/trauer\/kontakt\">Kontaktieren Sie mich<\/a><\/div>\n<\/div>\n\n\n\n<p><\/p>\n","protected":false},"excerpt":{"rendered":"<p>Liederabend \u201eIst dies etwa der Tod?\u201c Lieder zwischen Himmel und Erde. Strauss | Korngold | G\u00e1l | Wager | Duparc Ein einf\u00fchlsamer Liederabend zum Thema Verg\u00e4nglichkeit, ewige Liebe und anderen intensiven Themen, die sich zwischen Himmel und Erde, zwischen Leben und Tod und dar\u00fcber hinaus ereignen. Ein Abend, der ber\u00fchrt, der zum Nachdenken anregt, der &hellip; <\/p>\n","protected":false},"author":1,"featured_media":0,"parent":0,"menu_order":0,"comment_status":"closed","ping_status":"closed","template":"","meta":{"footnotes":""},"class_list":["post-208","page","type-page","status-publish","hentry"],"_links":{"self":[{"href":"https:\/\/sonjawestermann.com\/trauer\/wp-json\/wp\/v2\/pages\/208","targetHints":{"allow":["GET"]}}],"collection":[{"href":"https:\/\/sonjawestermann.com\/trauer\/wp-json\/wp\/v2\/pages"}],"about":[{"href":"https:\/\/sonjawestermann.com\/trauer\/wp-json\/wp\/v2\/types\/page"}],"author":[{"embeddable":true,"href":"https:\/\/sonjawestermann.com\/trauer\/wp-json\/wp\/v2\/users\/1"}],"replies":[{"embeddable":true,"href":"https:\/\/sonjawestermann.com\/trauer\/wp-json\/wp\/v2\/comments?post=208"}],"version-history":[{"count":8,"href":"https:\/\/sonjawestermann.com\/trauer\/wp-json\/wp\/v2\/pages\/208\/revisions"}],"predecessor-version":[{"id":226,"href":"https:\/\/sonjawestermann.com\/trauer\/wp-json\/wp\/v2\/pages\/208\/revisions\/226"}],"wp:attachment":[{"href":"https:\/\/sonjawestermann.com\/trauer\/wp-json\/wp\/v2\/media?parent=208"}],"curies":[{"name":"wp","href":"https:\/\/api.w.org\/{rel}","templated":true}]}}