{"id":162,"date":"2020-07-22T23:10:40","date_gmt":"2020-07-22T21:10:40","guid":{"rendered":"https:\/\/sonjawestermann.com\/trauer\/?page_id=162"},"modified":"2020-07-22T23:12:16","modified_gmt":"2020-07-22T21:12:16","slug":"newsletter","status":"publish","type":"page","link":"https:\/\/sonjawestermann.com\/trauer\/newsletter\/","title":{"rendered":"Newsletter"},"content":{"rendered":"\n<p class=\"has-text-align-center\">Meine YouTube Blog-Beitr\u00e4ge gefallen Dir und Du m\u00f6chtest keine neuen Ver\u00f6ffentlichungen verpassen? <br>Du freust Dich darauf, immer wieder sch\u00f6ne Impulse per E-Mail von mir zu erhalten? Dann abonniere hier meinen Newsletter:<\/p>\n\n\n\n<!-- Begin Mailchimp Signup Form -->\n<link href=\"\/\/cdn-images.mailchimp.com\/embedcode\/horizontal-slim-10_7.css\" rel=\"stylesheet\" type=\"text\/css\">\n<style type=\"text\/css\">\n\t#mc_embed_signup{background:#fff; clear:left; font:14px Helvetica,Arial,sans-serif; width:100%;}\n\t\/* Add your own Mailchimp form style overrides in your site stylesheet or in this style block.\n\t   We recommend moving this block and the preceding CSS link to the HEAD of your HTML file. *\/\n<\/style>\n<div id=\"mc_embed_signup\">\n<form action=\"https:\/\/youtube.us4.list-manage.com\/subscribe\/post?u=088952d2a10db28b1584f3048&amp;id=f6e0133182\" method=\"post\" id=\"mc-embedded-subscribe-form\" name=\"mc-embedded-subscribe-form\" class=\"validate\" target=\"_blank\" novalidate=\"\">\n    <div id=\"mc_embed_signup_scroll\">\n\t<label for=\"mce-EMAIL\">Hier zum Newsletter &#8222;westermann spricht&#8220; anmelden und keinen meiner Beitr\u00e4ge mehr verpassen!<\/label>\n\t<input type=\"email\" value=\"\" name=\"EMAIL\" class=\"email\" id=\"mce-EMAIL\" placeholder=\"E-Mail-Adresse\" required=\"\">\n    <!-- real people should not fill this in and expect good things - do not remove this or risk form bot signups-->\n    <div style=\"position: absolute; left: -5000px;\" aria-hidden=\"true\"><input type=\"text\" name=\"b_088952d2a10db28b1584f3048_f6e0133182\" tabindex=\"-1\" value=\"\"><\/div>\n    <div class=\"clear\"><input type=\"submit\" value=\"Absenden\" name=\"subscribe\" id=\"mc-embedded-subscribe\" class=\"button\"><\/div>\n    <\/div>\n<\/form>\n<\/div>\n\n<!--End mc_embed_signup-->\n\n\n\n<p><\/p>\n","protected":false},"excerpt":{"rendered":"<p>Meine YouTube Blog-Beitr\u00e4ge gefallen Dir und Du m\u00f6chtest keine neuen Ver\u00f6ffentlichungen verpassen? Du freust Dich darauf, immer wieder sch\u00f6ne Impulse per E-Mail von mir zu erhalten? Dann abonniere hier meinen Newsletter: Hier zum Newsletter &#8222;westermann spricht&#8220; anmelden und keinen meiner Beitr\u00e4ge mehr verpassen!<\/p>\n","protected":false},"author":1,"featured_media":0,"parent":0,"menu_order":0,"comment_status":"closed","ping_status":"closed","template":"","meta":{"footnotes":""},"class_list":["post-162","page","type-page","status-publish","hentry"],"_links":{"self":[{"href":"https:\/\/sonjawestermann.com\/trauer\/wp-json\/wp\/v2\/pages\/162","targetHints":{"allow":["GET"]}}],"collection":[{"href":"https:\/\/sonjawestermann.com\/trauer\/wp-json\/wp\/v2\/pages"}],"about":[{"href":"https:\/\/sonjawestermann.com\/trauer\/wp-json\/wp\/v2\/types\/page"}],"author":[{"embeddable":true,"href":"https:\/\/sonjawestermann.com\/trauer\/wp-json\/wp\/v2\/users\/1"}],"replies":[{"embeddable":true,"href":"https:\/\/sonjawestermann.com\/trauer\/wp-json\/wp\/v2\/comments?post=162"}],"version-history":[{"count":5,"href":"https:\/\/sonjawestermann.com\/trauer\/wp-json\/wp\/v2\/pages\/162\/revisions"}],"predecessor-version":[{"id":170,"href":"https:\/\/sonjawestermann.com\/trauer\/wp-json\/wp\/v2\/pages\/162\/revisions\/170"}],"wp:attachment":[{"href":"https:\/\/sonjawestermann.com\/trauer\/wp-json\/wp\/v2\/media?parent=162"}],"curies":[{"name":"wp","href":"https:\/\/api.w.org\/{rel}","templated":true}]}}