{"id":122,"date":"2020-07-22T20:20:58","date_gmt":"2020-07-22T18:20:58","guid":{"rendered":"https:\/\/sonjawestermann.com\/trauer\/?page_id=122"},"modified":"2020-08-05T07:45:37","modified_gmt":"2020-08-05T05:45:37","slug":"trauerbegleiterin","status":"publish","type":"page","link":"https:\/\/sonjawestermann.com\/trauer\/trauerbegleiterin\/","title":{"rendered":"Trauerbegleiterin"},"content":{"rendered":"\n<h3 class=\"wp-block-heading\">Ich begleite Trauernde und Menschen in Lebenskrisen<\/h3>\n\n\n\n<div class=\"wp-block-group\"><div class=\"wp-block-group__inner-container is-layout-flow wp-block-group-is-layout-flow\">\n<p>Weil ich in meinem Leben mehrfach am eigenen Leibe erfahren habe, was Trauer bedeutet und wie<strong> <\/strong>schmerzvoll und verzwickt Abschied nehmen sein kann, habe ich sehr gro\u00dfe Empathie f\u00fcr Menschen in diesen Situationen entwickelt. <br>Wenn Du m\u00f6chtest, erf\u00e4hrst Du im folgenden H\u00f6rbeitrag mehr zu mir und meinem pers\u00f6nlichen Hintergrund. Oder lies einfach weiter. <\/p>\n<\/div><\/div>\n\n\n\n<div class=\"wp-block-group\"><div class=\"wp-block-group__inner-container is-layout-flow wp-block-group-is-layout-flow\">\n<div class=\"wp-block-buttons aligncenter is-layout-flex wp-block-buttons-is-layout-flex\">\n<div class=\"wp-block-button\"><a class=\"wp-block-button__link\" href=\"https:\/\/youtu.be\/Ktd31VQIxyQ\" target=\"_blank\" rel=\"noreferrer noopener\">Hier geht&#8217;s zum H\u00f6rbeitrag<\/a><\/div>\n<\/div>\n<\/div><\/div>\n\n\n\n<div style=\"height:20px\" aria-hidden=\"true\" class=\"wp-block-spacer\"><\/div>\n\n\n\n<p>Ich habe eine gutes Gesp\u00fcr f\u00fcr mein Gegen\u00fcber. Wenn der Boden unter den F\u00fc\u00dfen pl\u00f6tzlich weg ist, wenn alles zusammengebrochen ist, wenn nichts au\u00dfer einem Meer von Tr\u00e4nen und Verzweiflung und Unverst\u00e4ndnis bleibt, <\/p>\n\n\n\n<blockquote class=\"wp-block-quote is-layout-flow wp-block-quote-is-layout-flow\"><p>dann bin ich f\u00fcr den Menschen da.&nbsp;Mitf\u00fchlend, mittragend, als ein verl\u00e4sslicher, stabiler Background.&nbsp;<\/p><\/blockquote>\n\n\n\n<p>Ich bin die Person von au\u00dferhalb, der man sich \u00f6ffnen kann, der man nichts beweisen muss, die nicht beurteilt. Ich reiche Trauernden meine Hand und begleite sie, damit sie ganz langsam und in ihrem individuellen Tempo und unter Ber\u00fccksichtigung ihrer Bed\u00fcrfnisse den Weg aus dem Nebel finden k\u00f6nnen. Ich sehe es als meine Aufgabe, Trauernde sowohl in der Phase des Abschiednehmens und Sterbens als auch nach einem Verlust zur Seite zu sein, um sie wieder mit dem Leben zu verbinden.&nbsp;<\/p>\n\n\n\n<p>Eine schwere Krankheit, Tod, Verlust, Depression, Trauer, Einsamkeit, Leiden\u2026&nbsp;Der Moment, in dem in unserem Leben etwas total aus den Fugen l\u00e4uft, f\u00fchrt oft zu einer Art Schockstarre. In uns selbst und oft noch viel mehr in unserem Umfeld. Generell weicht man diesen Themen lieber aus. Angemessen zu handeln scheint vielen unm\u00f6glich.<\/p>\n\n\n\n<p>Viel vom Genannten habe ich am eigenen Leib erfahren. Ich hatte mit k\u00f6rperlich herben Einschr\u00e4nkungen zu k\u00e4mpfen, habe Depressionen und das Post-Traumatische-Belastungssyndrom \u00fcberwunden. Ich habe viele liebe Menschen aus meinem nahen Angeh\u00f6rigen- und Freundeskreis verloren und es im gr\u00f6\u00dferen Umfeld zigfach miterlebt.&nbsp;Mehrfach war ich im Moment des Todes dabei.<\/p>\n\n\n\n<p>Schon w\u00e4hrend meiner Schulzeit war der Tod ein Thema, denn es starben zwei meiner Mitsch\u00fcler. Neben meinen Gro\u00dfeltern habe ich im engen Familienkreis au\u00dferdem einen Onkel, meinen Vater und meinen Ehemann nach schwerer Krankheit verloren.&nbsp; Zwei enge Freundinnen starben ebenfalls nach l\u00e4ngerer Krankheit. Und zuletzt eine enge Vertraute, die wie eine Gro\u00dfmutter f\u00fcr mich war.<\/p>\n\n\n\n<blockquote class=\"wp-block-quote is-layout-flow wp-block-quote-is-layout-flow\"><p>Ich habe am eigenen Leib erfahren, wie einsam ich wurde w\u00e4hrend der Zeit des Leidens und der Trauer.&nbsp;<\/p><\/blockquote>\n\n\n\n<p>Und viele, die \u00e4hnliche Schicksale teilen kennen es: Der Freundeskreis halbiert sich oder bricht erstmal ganz weg. Alle scheinen auf Distanz zu gehen. Das Leben organisiert sich ganz langsam neu. Alles geht irgendwie weiter aber trotzdem ist alles ganz anders. Man sp\u00fcrt mit gro\u00dfer Deutlichkeit wer wirkliche Freunde sind. Und wer nicht. Beziehungen zerbrechen, weil die Partner nicht wissen, wie sie sich verhalten sollen, \u00fcberfordert sind, sich zur\u00fcckziehen.&nbsp;<\/p>\n\n\n\n<p>Und deshalb bin ich da als Begleiterin und helfe meinen Mitmenschen, trotz Schmerz und Trauer zu sich selbst und in ein freudvolles Leben (zur\u00fcck) zu finden.&nbsp;<br>Spricht Dich das an?<\/p>\n\n\n\n<div class=\"wp-block-buttons aligncenter is-layout-flex wp-block-buttons-is-layout-flex\">\n<div class=\"wp-block-button\"><a class=\"wp-block-button__link\" href=\"http:\/\/sonjawestermann.com\/trauer\/kontakt\" target=\"_blank\" rel=\"noreferrer noopener\">Melde Dich bei mir! Ich freue mich, Dich kennenzulernen.<\/a><\/div>\n<\/div>\n\n\n\n<hr class=\"wp-block-separator\"\/>\n\n\n\n<div style=\"height:20px\" aria-hidden=\"true\" class=\"wp-block-spacer\"><\/div>\n\n\n\n<div style=\"height:20px\" aria-hidden=\"true\" class=\"wp-block-spacer\"><\/div>\n\n\n\n<h3 class=\"wp-block-heading\">Ich begleite Au\u00dfenstehende<\/h3>\n\n\n\n<p>Ich stehe Menschen bei, die nicht wissen, wie sie sich verhalten sollen beim Anblick von Leid, Kummer, Verzweiflung und Schmerz ihrer lieben Mitmenschen.&nbsp;Ich bin Mit-Trauernden, Au\u00dfenstehenden oder Angeh\u00f6rigen mit Rat und zum Austausch zur Seite. Kennst Du dieses Gef\u00fchl der Machtlosigkeit und Unsicherheit? Lieber nichts tun, als etwas Falsches. Kennst Du das?&nbsp;<\/p>\n\n\n\n<p>Ich bef\u00e4hige Dich, Dich aus Deiner Unsicherheit und Deinen Hemmungen zu l\u00f6sen und aktiv anderen beizustehen in schwierigen Lebenssituationen. <\/p>\n\n\n\n<p>Gemeinsam finden wir gangbare Wege und erarbeiten konkrete Handlungsm\u00f6glichkeiten. Dabei achten wir sehr auf das eigene Empfinden, die pers\u00f6nliche Belastbarkeit und pers\u00f6nliche Grenzen. Denn nur wer gut auf sich selbst achtet, kann anderen eine wahre Hilfe sein. <\/p>\n\n\n\n<blockquote class=\"wp-block-quote is-layout-flow wp-block-quote-is-layout-flow\"><p>Ich bin f\u00fcr Dich da, damit Du f\u00fcr andere da sein kannst und Vertrauen in Deine eigenen empathischen F\u00e4higkeiten entwickelst.<\/p><\/blockquote>\n\n\n\n<div class=\"wp-block-buttons aligncenter is-layout-flex wp-block-buttons-is-layout-flex\">\n<div class=\"wp-block-button\"><a class=\"wp-block-button__link\" href=\"http:\/\/sonjawestermann.com\/trauer\/kontakt\" target=\"_blank\" rel=\"noreferrer noopener\">Kontaktiere mich! Ich helfe Dir gerne. <\/a><\/div>\n<\/div>\n\n\n\n<div style=\"height:20px\" aria-hidden=\"true\" class=\"wp-block-spacer\"><\/div>\n\n\n\n<hr class=\"wp-block-separator\"\/>\n\n\n\n<div style=\"height:20px\" aria-hidden=\"true\" class=\"wp-block-spacer\"><\/div>\n\n\n\n<h3 class=\"wp-block-heading\">H\u00f6rbare Hilfe auf meinem YouTube Blog<\/h3>\n\n\n\n<p>Ich selbst empfinde mich immer als \u201eauf dem Weg\u201c. Auf viele Lebensfragen habe ich nicht den Hauch einer Antwort. Ich suche, ich gehe in die Tiefe. Ich nehme andere an die Hand und begleite die, die sich ebenfalls auf diesen Weg machen m\u00f6chten.&nbsp;<\/p>\n\n\n\n<blockquote class=\"wp-block-quote is-layout-flow wp-block-quote-is-layout-flow\"><p>Solange ich keine Antworten habe, lebe ich mit den Fragen. Aus Fragen ergeben sich Dialoge. Dialoge miteinander und Dialoge mit mir selbst.&nbsp;<\/p><\/blockquote>\n\n\n\n<p>Reden kann ich gut und daher rede ich in meinem YouTube Blog<strong> <\/strong>\u00fcber das, was mir so wichtig ist. \u00dcber Tod, \u00fcber Sterben, \u00fcber Krisen und Schicksal, \u00fcber Ern\u00e4hrung, \u00fcber seelische Einstellungen, \u00fcber Emotionen, \u00dcber Geisteshaltungen, \u00fcber Pr\u00e4vention. Damit wir hoffentlich in der Zukunft alle mehr miteinander dar\u00fcber reden. Damit<strong> Tabu-Themen <\/strong>wieder zu allt\u00e4glichen Themen werden. Damit wir uns dann viel besser gegenseitig unterst\u00fctzen k\u00f6nnen, weil wir uns verstanden f\u00fchlen.<\/p>\n\n\n\n<div class=\"wp-block-buttons aligncenter is-layout-flex wp-block-buttons-is-layout-flex\">\n<div class=\"wp-block-button\"><a class=\"wp-block-button__link\" href=\"https:\/\/www.youtube.com\/channel\/UCvLyV5WBwqN2XX1m-SlUTeQ\" target=\"_blank\" rel=\"noreferrer noopener\">Folge mir auf meinem YouTube Kanal<\/a><\/div>\n<\/div>\n\n\n\n<p><\/p>\n","protected":false},"excerpt":{"rendered":"<p>Ich begleite Trauernde und Menschen in Lebenskrisen Weil ich in meinem Leben mehrfach am eigenen Leibe erfahren habe, was Trauer bedeutet und wie schmerzvoll und verzwickt Abschied nehmen sein kann, habe ich sehr gro\u00dfe Empathie f\u00fcr Menschen in diesen Situationen entwickelt. Wenn Du m\u00f6chtest, erf\u00e4hrst Du im folgenden H\u00f6rbeitrag mehr zu mir und meinem pers\u00f6nlichen &hellip; <\/p>\n","protected":false},"author":1,"featured_media":0,"parent":0,"menu_order":0,"comment_status":"closed","ping_status":"closed","template":"","meta":{"footnotes":""},"class_list":["post-122","page","type-page","status-publish","hentry"],"_links":{"self":[{"href":"https:\/\/sonjawestermann.com\/trauer\/wp-json\/wp\/v2\/pages\/122","targetHints":{"allow":["GET"]}}],"collection":[{"href":"https:\/\/sonjawestermann.com\/trauer\/wp-json\/wp\/v2\/pages"}],"about":[{"href":"https:\/\/sonjawestermann.com\/trauer\/wp-json\/wp\/v2\/types\/page"}],"author":[{"embeddable":true,"href":"https:\/\/sonjawestermann.com\/trauer\/wp-json\/wp\/v2\/users\/1"}],"replies":[{"embeddable":true,"href":"https:\/\/sonjawestermann.com\/trauer\/wp-json\/wp\/v2\/comments?post=122"}],"version-history":[{"count":11,"href":"https:\/\/sonjawestermann.com\/trauer\/wp-json\/wp\/v2\/pages\/122\/revisions"}],"predecessor-version":[{"id":259,"href":"https:\/\/sonjawestermann.com\/trauer\/wp-json\/wp\/v2\/pages\/122\/revisions\/259"}],"wp:attachment":[{"href":"https:\/\/sonjawestermann.com\/trauer\/wp-json\/wp\/v2\/media?parent=122"}],"curies":[{"name":"wp","href":"https:\/\/api.w.org\/{rel}","templated":true}]}}